{"id":38,"date":"2014-04-30T07:27:57","date_gmt":"2014-04-30T07:27:57","guid":{"rendered":"http:\/\/alvindus.com\/?page_id=38"},"modified":"2019-03-19T13:10:09","modified_gmt":"2019-03-19T13:10:09","slug":"kontaktai","status":"publish","type":"page","link":"https:\/\/alvindus.com\/no\/kontaktai\/","title":{"rendered":"Kontaktai"},"content":{"rendered":"<p><strong>UAB ,,ALVINDUS\u201c<br class=\"none\" \/><\/strong> \u012em. k. 303279234<br class=\"none\" \/> PVM k. LT100008504819<br class=\"none\" \/> \u012emon\u0117s registracijos kodas:<br class=\"none\" \/> 84-1476967-110960<br class=\"none\" \/><br class=\"none\" \/> Ber\u017e\u0173 g. 3A, <br class=\"none\" \/>LT-80109 Kairiai, \u0160iauli\u0173 raj. <br class=\"none\" \/>El. p. <a title=\"info@alvindus.com \" href=\"mailto:info@alvindus.com \">info@alvindus.com <\/a><br class=\"none\" \/><br class=\"none\" \/>S\u0105skaitos Nr. LT537300010138712982 <br class=\"none\" \/>AB ,,Swedbank\u201c<br class=\"none\" \/> Banko kodas: 73000 <br class=\"none\" \/>SWIFT\/BIC kodas: HABALT22<\/p>\n","protected":false},"excerpt":{"rendered":"<p>UAB ,,ALVINDUS\u201c \u012em. k. 303279234 PVM k. LT100008504819 \u012emon\u0117s registracijos kodas: 84-1476967-110960 Ber\u017e\u0173 g. 3A, LT-80109 Kairiai, \u0160iauli\u0173 raj. El. p. info@alvindus.com S\u0105skaitos Nr. LT537300010138712982 AB ,,Swedbank\u201c Banko kodas: 73000 SWIFT\/BIC kodas: HABALT22<\/p>\n","protected":false},"author":1,"featured_media":0,"parent":0,"menu_order":0,"comment_status":"open","ping_status":"closed","template":"template-contact.php","meta":[],"_links":{"self":[{"href":"https:\/\/alvindus.com\/no\/wp-json\/wp\/v2\/pages\/38"}],"collection":[{"href":"https:\/\/alvindus.com\/no\/wp-json\/wp\/v2\/pages"}],"about":[{"href":"https:\/\/alvindus.com\/no\/wp-json\/wp\/v2\/types\/page"}],"author":[{"embeddable":true,"href":"https:\/\/alvindus.com\/no\/wp-json\/wp\/v2\/users\/1"}],"replies":[{"embeddable":true,"href":"https:\/\/alvindus.com\/no\/wp-json\/wp\/v2\/comments?post=38"}],"version-history":[{"count":28,"href":"https:\/\/alvindus.com\/no\/wp-json\/wp\/v2\/pages\/38\/revisions"}],"predecessor-version":[{"id":45,"href":"https:\/\/alvindus.com\/no\/wp-json\/wp\/v2\/pages\/38\/revisions\/45"}],"wp:attachment":[{"href":"https:\/\/alvindus.com\/no\/wp-json\/wp\/v2\/media?parent=38"}],"curies":[{"name":"wp","href":"https:\/\/api.w.org\/{rel}","templated":true}]}}